{"id":242,"date":"2024-06-02T20:04:12","date_gmt":"2024-06-02T18:04:12","guid":{"rendered":"https:\/\/editions-limina.fr\/?page_id=242"},"modified":"2024-06-02T20:07:48","modified_gmt":"2024-06-02T18:07:48","slug":"mon-compte","status":"publish","type":"page","link":"https:\/\/editions-limina.fr\/?page_id=242","title":{"rendered":"Mon compte"},"content":{"rendered":"\n<p><em><!--noptimize-->\n<div class=\"rmagic\">\n    <div class=\"rmnotice-container\">\n        <div class=\"rmnotice\">\n            Vous devez \u00eatre connect\u00e9 pour acc\u00e9der au contenu de cette page.        <\/div>\n    <\/div>   \n<\/div>\n\n<!--noptimize--><style><\/style><style>#rm_login_form_1 .rmrow .rmfield label {  }<\/style>        <div class='rmagic'>    \r\n            <div class='rmcontent rm-login-wrapper'>\r\n                                    <div class=\"rm-thirdp-login-button-wrap\">\r\n                                        <\/div>\r\n                    <style type=\"text\/css\">label span.required { color: #B94A48; }span.help-inline, span.help-block { color: #888; font-size: .9em; font-style: italic; }<\/style><form action id=\"rm_login_form_1\" method=\"post\" style class=\"form-horizontal\"><fieldset><input type=\"hidden\" name=\"rm_form_sub_id\" value=rm_login_form_1><input type=\"hidden\" name=\"rm_form_sub_no\" value=><input type=\"hidden\" name=\"rm_slug\" value=\"rm_login_form\" id=\"rm_login_form_1-element-0\"\/><div class=\"rmrow\"><div class=\"rmfield\" for=\"rm_login_form_1-element-1\"><label>Nom d'utilisateur<sup class=\"required\">&nbsp;*<\/sup><\/label><\/div><div class=\"rminput\"><input type=\"text\" name=\"username\" required class minlength=\"0\" maxlength placeholder=\"Entrer le nom d&#039;utilisateur\" style id=\"rm_login_form_1-element-1\"\/><\/div><\/div><div class=\"rmrow\"><div class=\"rmfield\" for=\"rm_login_form_1-element-2\"><label>Mot de passe<sup class=\"required\">&nbsp;*<\/sup><\/label><\/div><div class=\"rminput\"><input type=\"password\" name=\"pwd\" required class=\"test rm_login_pwd_field\" minlength=\"0\" maxlength placeholder=\"Entrer le mot de passe\" style id=\"rm_login_form_1-element-2\"\/><\/div><\/div><div class=\"rmrow\"><div class=\"rmfield\" for=\"rm_login_form-element-3\"><\/div><div class=\"rminput\"><ul class=\"rmradio\"><li class=\"rm-login-remember\"> <input id=\"rm_login_form-element-3-0\" type=\"checkbox\" name=\"remember[]\" value=\"1\"><label for=\"rm_login_form-element-3-0\"><span>Remember Me<\/span><\/label> <\/li> <\/ul><\/div><\/div><div class=\"buttonarea\"><input   type=\"submit\" value=\"Connexion\" name=\"submit\" id=\"rm_submit_btn\" class=\"rm_btn rm_login_btn rm-btn rm-btn-primary button button-primary\" style\/> <input   type=\"button\" value=\"Cr\u00e9er un compte\" name id=\"rm_register_btn\" class=\"rm_btn rm-btn\" onclick=\"location.href=&#039;https:\/\/editions-limina.fr\/?page_id=232&#039;\" style\/><\/div><div class=\"rm_forgot_pass\"><a href=\"https:\/\/editions-limina.fr\/?page_id=231\" target=\"blank\">Mot de passe oubli\u00e9?<\/a><\/div><\/fieldset><\/form><pre class=\"rm-pre-wrapper-for-script-tags\"><script type=\"text\/javascript\">jQuery(document).ready(function() {\t\tjQuery(\"#rm_login_form_1\").bind(\"submit\", function(){\n                        \/\/jQuery(this).find(\"input[name=rm_slug]\").attr(\"value\",jQuery(this).find(\"input[name=submit]\").attr(\"value\"));\n\t\t\tjQuery(this).find(\"input[type=submit]\").attr(\"disabled\", \"disabled\"); \n\t\t});}); <\/script><\/pre>        <noscript>\n            <div class=\"rm-js-disabled\"><b>Note: It looks like JavaScript is disabled in your browser. Some elements of this form may require JavaScript to work properly. If you have trouble submitting the form, try enabling JavaScript momentarily and resubmit. JavaScript settings are usually found in Browser Settings or Browser Developer menu.<\/b><\/div>\n            <style>\n                .rm_next_btn {display:none !important}\n                .rm_noscript_btn {display: block !important}\n            <\/style>\n        <\/noscript>\n    \r\n                            <\/div>\r\n        <\/div> \r\n\r\n    \r\n\r\n\r\n\r\n<!--\/noptimize--><!--\/noptimize--><\/em><\/p>\n","protected":false},"excerpt":{"rendered":"","protected":false},"author":1,"featured_media":0,"parent":0,"menu_order":0,"comment_status":"closed","ping_status":"closed","template":"compte","meta":{"footnotes":""},"class_list":["post-242","page","type-page","status-publish","hentry"],"_links":{"self":[{"href":"https:\/\/editions-limina.fr\/index.php?rest_route=\/wp\/v2\/pages\/242"}],"collection":[{"href":"https:\/\/editions-limina.fr\/index.php?rest_route=\/wp\/v2\/pages"}],"about":[{"href":"https:\/\/editions-limina.fr\/index.php?rest_route=\/wp\/v2\/types\/page"}],"author":[{"embeddable":true,"href":"https:\/\/editions-limina.fr\/index.php?rest_route=\/wp\/v2\/users\/1"}],"replies":[{"embeddable":true,"href":"https:\/\/editions-limina.fr\/index.php?rest_route=%2Fwp%2Fv2%2Fcomments&post=242"}],"version-history":[{"count":2,"href":"https:\/\/editions-limina.fr\/index.php?rest_route=\/wp\/v2\/pages\/242\/revisions"}],"predecessor-version":[{"id":247,"href":"https:\/\/editions-limina.fr\/index.php?rest_route=\/wp\/v2\/pages\/242\/revisions\/247"}],"wp:attachment":[{"href":"https:\/\/editions-limina.fr\/index.php?rest_route=%2Fwp%2Fv2%2Fmedia&parent=242"}],"curies":[{"name":"wp","href":"https:\/\/api.w.org\/{rel}","templated":true}]}}