{"id":104,"date":"2024-03-17T23:56:18","date_gmt":"2024-03-17T22:56:18","guid":{"rendered":"https:\/\/editions-limina.fr\/?page_id=104"},"modified":"2024-05-05T02:13:09","modified_gmt":"2024-05-05T00:13:09","slug":"nous-contacter","status":"publish","type":"page","link":"https:\/\/editions-limina.fr\/?page_id=104","title":{"rendered":"Nous contacter"},"content":{"rendered":"\n<p>Pour toute question, vous pouvez nous joindre \u00e0 l\u2019adresse suivante: contact[at]editions-limina.fr<\/p>\n\n\n\n<p><\/p>\n\n\n\n<p>Si vous avez un manuscrit que vous souhaitez nous soumettre, nous vous invitons \u00e0 prendre en compte quelques consid\u00e9rations. Nous ne publions pas de litt\u00e9rature jeunesse, de po\u00e9sie, de th\u00e9\u00e2tre, de science-fiction, de fantastique ou fantasy, ni de roman gore, \u00e9rotique ou de romance. Nous publions des textes entre 4000 mots minimum et 60 000 mots maximum.\u00a0<\/p>\n\n\n\n<p><\/p>\n\n\n\n<p>Si vous pensez que votre texte correspond \u00e0 notre ligne \u00e9ditoriale, vous pouvez nous l\u2019envoyer en format pdf \u00e0 l\u2019adresse suivante: manuscrit[a]edtions-limina.fr<\/p>\n\n\n\n<p><\/p>\n\n\n\n<p>Dans votre message, vous pr\u00e9ciserez le titre, le nombre de mots de votre texte, le genre. Vous pouvez \u00e9galement vous pr\u00e9senter succinctement.\u00a0<\/p>\n\n\n\n<p>Nous vous fournirons une r\u00e9ponse sous 90 jours.\u00a0<\/p>\n\n\n\n<p><\/p>\n\n\n\n<p>Les \u00e9ditions Limina publient des textes sous forme de livre num\u00e9rique. Lorsque nous d\u00e9cidons d&rsquo;\u00e9diter un texte, l&rsquo;auteur signe un contrat d&rsquo;\u00e9dition et est r\u00e9mun\u00e9r\u00e9. <\/p>\n","protected":false},"excerpt":{"rendered":"<p>Pour toute question, vous pouvez nous joindre \u00e0 l\u2019adresse suivante: contact[at]editions-limina.fr Si vous avez un manuscrit que vous souhaitez nous soumettre, nous vous invitons \u00e0 prendre en compte quelques consid\u00e9rations. Nous ne publions pas de litt\u00e9rature jeunesse, de po\u00e9sie, de th\u00e9\u00e2tre, de science-fiction, de fantastique ou fantasy, ni de roman gore, \u00e9rotique ou de romance. [&hellip;]<\/p>\n","protected":false},"author":1,"featured_media":0,"parent":0,"menu_order":0,"comment_status":"closed","ping_status":"closed","template":"wp-custom-template-contact","meta":{"footnotes":""},"class_list":["post-104","page","type-page","status-publish","hentry"],"_links":{"self":[{"href":"https:\/\/editions-limina.fr\/index.php?rest_route=\/wp\/v2\/pages\/104"}],"collection":[{"href":"https:\/\/editions-limina.fr\/index.php?rest_route=\/wp\/v2\/pages"}],"about":[{"href":"https:\/\/editions-limina.fr\/index.php?rest_route=\/wp\/v2\/types\/page"}],"author":[{"embeddable":true,"href":"https:\/\/editions-limina.fr\/index.php?rest_route=\/wp\/v2\/users\/1"}],"replies":[{"embeddable":true,"href":"https:\/\/editions-limina.fr\/index.php?rest_route=%2Fwp%2Fv2%2Fcomments&post=104"}],"version-history":[{"count":5,"href":"https:\/\/editions-limina.fr\/index.php?rest_route=\/wp\/v2\/pages\/104\/revisions"}],"predecessor-version":[{"id":205,"href":"https:\/\/editions-limina.fr\/index.php?rest_route=\/wp\/v2\/pages\/104\/revisions\/205"}],"wp:attachment":[{"href":"https:\/\/editions-limina.fr\/index.php?rest_route=%2Fwp%2Fv2%2Fmedia&parent=104"}],"curies":[{"name":"wp","href":"https:\/\/api.w.org\/{rel}","templated":true}]}}