{"id":55,"date":"2024-05-05T02:00:49","date_gmt":"2024-05-05T00:00:49","guid":{"rendered":"https:\/\/editions-limina.fr\/catalogue\/?post_type=product&#038;p=55"},"modified":"2024-07-27T00:00:50","modified_gmt":"2024-07-26T22:00:50","slug":"quand-tous-les-pauvres-sy-mettront","status":"publish","type":"product","link":"https:\/\/editions-limina.fr\/catalogue\/index.php\/product\/quand-tous-les-pauvres-sy-mettront\/","title":{"rendered":"Quand tous les pauvres s&rsquo;y mettront"},"content":{"rendered":"<p>Dans un monde qui ressemble au n\u00f4tre, les plus pr\u00e9caires d\u00e9cident de quitter leur emploi mis\u00e9reux et laissent la ville se g\u00e9rer sans eux. Ce n\u2019est pas du go\u00fbt de tout le monde et les tensions ne tardent pas \u00e0 appara\u00eetre montrant en creux toute l\u2019importance de m\u00e9tiers invisibles mais essentiels au bon fonctionnement du confort moderne &#8211; que l\u2019on peut ais\u00e9ment questionner.<\/p><div style=\"height:50px\" aria-hidden=\"true\" class=\"wp-block-spacer\"><\/div><p>L\u2019auteur :<\/p><p>Apr\u00e8s des \u00e9tudes de lettres \u00e0 l\u2019universit\u00e9 de Vannes au d\u00e9but des ann\u00e9es 2000, Camille Ellimac embrasse divers m\u00e9tiers, dans la restauration, la communication puis dans la photographie paysag\u00e8re. T\u00e9moin de notre monde qui se d\u00e9grade, ann\u00e9e apr\u00e8s ann\u00e9e, Camille Ellimac \u00e9crit des textes qui mettent en sc\u00e8ne l\u2019absurdit\u00e9 de nos vies contemporaines. Apr\u00e8s une premi\u00e8re nouvelle <em>Sauvons Thana !<\/em>, sa nouvelle <em>Quand tous les pauvres s\u2019y mettront<\/em> interroge notre r\u00e9silience dans une ville o\u00f9 les plus pr\u00e9caires disparaissent.<\/p>","protected":false},"excerpt":{"rendered":"<p>Livre num\u00e9rique. <br \/>16 800 mots<\/p>\n","protected":false},"featured_media":92,"comment_status":"open","ping_status":"closed","template":"","meta":[],"product_brand":[],"product_cat":[18],"product_tag":[24,37,22,25],"class_list":{"0":"post-55","1":"product","2":"type-product","3":"status-publish","4":"has-post-thumbnail","6":"product_cat-nouvelles","7":"product_tag-agriculture","8":"product_tag-camille-ellimac","9":"product_tag-societe","10":"product_tag-travail","12":"first","13":"instock","14":"sale","15":"downloadable","16":"shipping-taxable","17":"purchasable","18":"product-type-simple"},"jetpack_sharing_enabled":true,"_links":{"self":[{"href":"https:\/\/editions-limina.fr\/catalogue\/index.php\/wp-json\/wp\/v2\/product\/55"}],"collection":[{"href":"https:\/\/editions-limina.fr\/catalogue\/index.php\/wp-json\/wp\/v2\/product"}],"about":[{"href":"https:\/\/editions-limina.fr\/catalogue\/index.php\/wp-json\/wp\/v2\/types\/product"}],"replies":[{"embeddable":true,"href":"https:\/\/editions-limina.fr\/catalogue\/index.php\/wp-json\/wp\/v2\/comments?post=55"}],"wp:featuredmedia":[{"embeddable":true,"href":"https:\/\/editions-limina.fr\/catalogue\/index.php\/wp-json\/wp\/v2\/media\/92"}],"wp:attachment":[{"href":"https:\/\/editions-limina.fr\/catalogue\/index.php\/wp-json\/wp\/v2\/media?parent=55"}],"wp:term":[{"taxonomy":"product_brand","embeddable":true,"href":"https:\/\/editions-limina.fr\/catalogue\/index.php\/wp-json\/wp\/v2\/product_brand?post=55"},{"taxonomy":"product_cat","embeddable":true,"href":"https:\/\/editions-limina.fr\/catalogue\/index.php\/wp-json\/wp\/v2\/product_cat?post=55"},{"taxonomy":"product_tag","embeddable":true,"href":"https:\/\/editions-limina.fr\/catalogue\/index.php\/wp-json\/wp\/v2\/product_tag?post=55"}],"curies":[{"name":"wp","href":"https:\/\/api.w.org\/{rel}","templated":true}]}}