{"id":54,"date":"2024-05-05T01:56:08","date_gmt":"2024-05-04T23:56:08","guid":{"rendered":"https:\/\/editions-limina.fr\/catalogue\/?post_type=product&#038;p=54"},"modified":"2024-07-27T00:01:00","modified_gmt":"2024-07-26T22:01:00","slug":"sauvons-thana","status":"publish","type":"product","link":"https:\/\/editions-limina.fr\/catalogue\/index.php\/product\/sauvons-thana\/","title":{"rendered":"\u00ab\u00a0Sauvons Thana!\u00a0\u00bb"},"content":{"rendered":"<p>Une bonne communication suffit parfois \u00e0 renverser des montagnes, c\u2019est ce que pense Sigrid Svensen, m\u00e8re de la petite Thana qui lutte contre une maladie d\u00e9g\u00e9n\u00e9rative depuis des ann\u00e9es. Cela conduira toute la famille en Afrique afin d\u2019\u00e9tudier un possible rem\u00e8de en compagnie d\u2019une \u00e9quipe de chercheurs. Une v\u00e9ritable exp\u00e9dition moderne.<\/p><div style=\"height:50px\" aria-hidden=\"true\" class=\"wp-block-spacer\"><\/div><p>L\u2019auteur :<\/p><p>Apr\u00e8s des \u00e9tudes de lettres \u00e0 l\u2019universit\u00e9 de Vannes au d\u00e9but des ann\u00e9es 2000, Camille Ellimac embrasse divers m\u00e9tiers, dans la restauration, la communication puis dans la photographie paysag\u00e8re, notamment en Afrique. T\u00e9moin de notre monde qui se d\u00e9grade, ann\u00e9e apr\u00e8s ann\u00e9e, Camille Ellimac \u00e9crit des textes qui mettent en sc\u00e8ne l\u2019absurdit\u00e9 de nos vies contemporaines. Apr\u00e8s une premi\u00e8re nouvelle <em>Sauvons Thana !<\/em>, sa nouvelle <em>Quand tous les pauvres s\u2019y mettront<\/em> interroge notre r\u00e9silience dans une ville o\u00f9 les plus pr\u00e9caires disparaissent.<\/p>","protected":false},"excerpt":{"rendered":"<p>Livre num\u00e9rique. <br \/>5000 mots.<\/p>\n","protected":false},"featured_media":90,"comment_status":"open","ping_status":"closed","template":"","meta":[],"product_brand":[],"product_cat":[18],"product_tag":[27,37,23,28,22],"class_list":{"0":"post-54","1":"product","2":"type-product","3":"status-publish","4":"has-post-thumbnail","6":"product_cat-nouvelles","7":"product_tag-afrique","8":"product_tag-camille-ellimac","9":"product_tag-justice","10":"product_tag-sante","11":"product_tag-societe","13":"first","14":"instock","15":"downloadable","16":"shipping-taxable","17":"purchasable","18":"product-type-simple"},"jetpack_sharing_enabled":true,"_links":{"self":[{"href":"https:\/\/editions-limina.fr\/catalogue\/index.php\/wp-json\/wp\/v2\/product\/54"}],"collection":[{"href":"https:\/\/editions-limina.fr\/catalogue\/index.php\/wp-json\/wp\/v2\/product"}],"about":[{"href":"https:\/\/editions-limina.fr\/catalogue\/index.php\/wp-json\/wp\/v2\/types\/product"}],"replies":[{"embeddable":true,"href":"https:\/\/editions-limina.fr\/catalogue\/index.php\/wp-json\/wp\/v2\/comments?post=54"}],"wp:featuredmedia":[{"embeddable":true,"href":"https:\/\/editions-limina.fr\/catalogue\/index.php\/wp-json\/wp\/v2\/media\/90"}],"wp:attachment":[{"href":"https:\/\/editions-limina.fr\/catalogue\/index.php\/wp-json\/wp\/v2\/media?parent=54"}],"wp:term":[{"taxonomy":"product_brand","embeddable":true,"href":"https:\/\/editions-limina.fr\/catalogue\/index.php\/wp-json\/wp\/v2\/product_brand?post=54"},{"taxonomy":"product_cat","embeddable":true,"href":"https:\/\/editions-limina.fr\/catalogue\/index.php\/wp-json\/wp\/v2\/product_cat?post=54"},{"taxonomy":"product_tag","embeddable":true,"href":"https:\/\/editions-limina.fr\/catalogue\/index.php\/wp-json\/wp\/v2\/product_tag?post=54"}],"curies":[{"name":"wp","href":"https:\/\/api.w.org\/{rel}","templated":true}]}}