{"id":26,"date":"2024-04-04T02:23:00","date_gmt":"2024-04-04T00:23:00","guid":{"rendered":"https:\/\/editions-limina.fr\/catalogue\/?post_type=product&#038;p=26"},"modified":"2024-07-27T00:01:19","modified_gmt":"2024-07-26T22:01:19","slug":"captain-wyn","status":"publish","type":"product","link":"https:\/\/editions-limina.fr\/catalogue\/index.php\/product\/captain-wyn\/","title":{"rendered":"Captain Wyn"},"content":{"rendered":"<p>A la fin du 18e si\u00e8cle, aux Etats-Unis, la guerre gronde entre les Anglais loyalistes \u00e0 la Couronne et les partisans de l\u2019ind\u00e9pendance. Dans ce contexte, le jeune Eliott Murray, sur les ordres de son oncle le gouverneur de la province, doit convaincre un propri\u00e9taire terrien pour le joindre \u00e0 sa cause. Mais la rencontre avec cet ancien flibustier n\u2019est pas aussi simple qu\u2019il le pensait.\u00a0 L\u2019homme sans foi ni loi se montre d\u2019une \u00e9thique qui perturbe le jeune britannique&#8230;<\/p><div style=\"height:50px\" aria-hidden=\"true\" class=\"wp-block-spacer\"><\/div><p>L\u2019auteur:<\/p><p>Mathys Havanel est enseignant depuis quinze ans en lyc\u00e9e. Passionn\u00e9 d\u2019histoire, il livre r\u00e9cits sur des p\u00e9riodes marquantes de notre civilisation tout en faisant des clins d&rsquo;\u0153il \u00e0 notre \u00e9poque. Avec<em> Captain Wyn<\/em>, il signe son premier texte aux \u00e9ditions Limina.<\/p>","protected":false},"excerpt":{"rendered":"<p>Livre num\u00e9rique. <\/p>\n<p>7700 mots<\/p>\n","protected":false},"featured_media":89,"comment_status":"open","ping_status":"closed","template":"","meta":[],"product_brand":[],"product_cat":[18],"product_tag":[24,33,32,38,31,22],"class_list":{"0":"post-26","1":"product","2":"type-product","3":"status-publish","4":"has-post-thumbnail","6":"product_cat-nouvelles","7":"product_tag-agriculture","8":"product_tag-amerique","9":"product_tag-historique","10":"product_tag-mathys-havanel","11":"product_tag-piraterie","12":"product_tag-societe","14":"first","15":"instock","16":"downloadable","17":"shipping-taxable","18":"purchasable","19":"product-type-simple"},"jetpack_sharing_enabled":true,"_links":{"self":[{"href":"https:\/\/editions-limina.fr\/catalogue\/index.php\/wp-json\/wp\/v2\/product\/26"}],"collection":[{"href":"https:\/\/editions-limina.fr\/catalogue\/index.php\/wp-json\/wp\/v2\/product"}],"about":[{"href":"https:\/\/editions-limina.fr\/catalogue\/index.php\/wp-json\/wp\/v2\/types\/product"}],"replies":[{"embeddable":true,"href":"https:\/\/editions-limina.fr\/catalogue\/index.php\/wp-json\/wp\/v2\/comments?post=26"}],"wp:featuredmedia":[{"embeddable":true,"href":"https:\/\/editions-limina.fr\/catalogue\/index.php\/wp-json\/wp\/v2\/media\/89"}],"wp:attachment":[{"href":"https:\/\/editions-limina.fr\/catalogue\/index.php\/wp-json\/wp\/v2\/media?parent=26"}],"wp:term":[{"taxonomy":"product_brand","embeddable":true,"href":"https:\/\/editions-limina.fr\/catalogue\/index.php\/wp-json\/wp\/v2\/product_brand?post=26"},{"taxonomy":"product_cat","embeddable":true,"href":"https:\/\/editions-limina.fr\/catalogue\/index.php\/wp-json\/wp\/v2\/product_cat?post=26"},{"taxonomy":"product_tag","embeddable":true,"href":"https:\/\/editions-limina.fr\/catalogue\/index.php\/wp-json\/wp\/v2\/product_tag?post=26"}],"curies":[{"name":"wp","href":"https:\/\/api.w.org\/{rel}","templated":true}]}}