{"id":107,"date":"2024-07-22T17:37:21","date_gmt":"2024-07-22T15:37:21","guid":{"rendered":"https:\/\/editions-limina.fr\/catalogue\/?post_type=product&#038;p=107"},"modified":"2024-07-27T19:11:40","modified_gmt":"2024-07-27T17:11:40","slug":"roubaix-soleil-couchant","status":"publish","type":"product","link":"https:\/\/editions-limina.fr\/catalogue\/index.php\/product\/roubaix-soleil-couchant\/","title":{"rendered":"Roubaix, soleil couchant"},"content":{"rendered":"<p>Le jeune Rayan Delannoy grandit \u00e0 Roubaix au sein d\u2019une famille dysfonctionnelle o\u00f9 l\u2019alcoolisme et la brutalit\u00e9 sont quotidiens. Pourtant, alors que tout le pousse \u00e0 devenir un petit d\u00e9linquant, la passion du cin\u00e9ma lui permet d\u2019entrevoir un horizon plus joyeux pour sortir de son milieu. Mais en sort-on si facilement?<\/p><div style=\"height:50px\" aria-hidden=\"true\" class=\"wp-block-spacer\"><\/div><p>L\u2019auteur\/autrice:<\/p><p>L\u00e9a Dashuri est n\u00e9e quelques minutes avant le passage \u00e0 l\u2019an 2000, \u00e0 Lille. Apr\u00e8s quelques exp\u00e9riences dans le monde de la communication et du marketing \u00e0 Paris et \u00e0 Milan, elle a choisi de s\u2019installer en Haute-Vienne o\u00f9 elle apprend \u00e0 s\u2019occuper d\u2019un potager. <em>Roubaix, soleil couchant <\/em>est son premier texte \u00e9dit\u00e9 aux \u00e9ditions Limina.<\/p>","protected":false},"excerpt":{"rendered":"<p>Livre num\u00e9rique. <br \/> 5000 mots.<\/p>\n","protected":false},"featured_media":108,"comment_status":"open","ping_status":"closed","template":"","meta":[],"product_brand":[],"product_cat":[18],"product_tag":[36,26,34,22],"class_list":{"0":"post-107","1":"product","2":"type-product","3":"status-publish","4":"has-post-thumbnail","6":"product_cat-nouvelles","7":"product_tag-lea-dashuri","8":"product_tag-police","9":"product_tag-social","10":"product_tag-societe","12":"first","13":"instock","14":"downloadable","15":"shipping-taxable","16":"purchasable","17":"product-type-simple"},"jetpack_sharing_enabled":true,"_links":{"self":[{"href":"https:\/\/editions-limina.fr\/catalogue\/index.php\/wp-json\/wp\/v2\/product\/107"}],"collection":[{"href":"https:\/\/editions-limina.fr\/catalogue\/index.php\/wp-json\/wp\/v2\/product"}],"about":[{"href":"https:\/\/editions-limina.fr\/catalogue\/index.php\/wp-json\/wp\/v2\/types\/product"}],"replies":[{"embeddable":true,"href":"https:\/\/editions-limina.fr\/catalogue\/index.php\/wp-json\/wp\/v2\/comments?post=107"}],"wp:featuredmedia":[{"embeddable":true,"href":"https:\/\/editions-limina.fr\/catalogue\/index.php\/wp-json\/wp\/v2\/media\/108"}],"wp:attachment":[{"href":"https:\/\/editions-limina.fr\/catalogue\/index.php\/wp-json\/wp\/v2\/media?parent=107"}],"wp:term":[{"taxonomy":"product_brand","embeddable":true,"href":"https:\/\/editions-limina.fr\/catalogue\/index.php\/wp-json\/wp\/v2\/product_brand?post=107"},{"taxonomy":"product_cat","embeddable":true,"href":"https:\/\/editions-limina.fr\/catalogue\/index.php\/wp-json\/wp\/v2\/product_cat?post=107"},{"taxonomy":"product_tag","embeddable":true,"href":"https:\/\/editions-limina.fr\/catalogue\/index.php\/wp-json\/wp\/v2\/product_tag?post=107"}],"curies":[{"name":"wp","href":"https:\/\/api.w.org\/{rel}","templated":true}]}}